{"id":989835,"date":"2024-12-07T12:12:33","date_gmt":"2024-12-07T12:12:33","guid":{"rendered":"https:\/\/digital.neptween.com\/?page_id=989835"},"modified":"2025-03-08T11:44:42","modified_gmt":"2025-03-08T11:44:42","slug":"portail","status":"publish","type":"page","link":"https:\/\/digital.neptween.com\/?page_id=989835","title":{"rendered":"Portail"},"content":{"rendered":"\t\t<div data-elementor-type=\"wp-page\" data-elementor-id=\"989835\" class=\"elementor elementor-989835\" data-elementor-post-type=\"page\">\n\t\t\t\t<div class=\"elementor-element elementor-element-9c496fa e-flex e-con-boxed e-con e-parent\" data-id=\"9c496fa\" data-element_type=\"container\" data-e-type=\"container\">\n\t\t\t\t\t<div class=\"e-con-inner\">\n\t\t<div class=\"elementor-element elementor-element-ff43179 e-con-full e-flex e-con e-child\" data-id=\"ff43179\" data-element_type=\"container\" data-e-type=\"container\">\n\t\t\t\t<div class=\"elementor-element elementor-element-2e96260 elementor-skin-carousel elementor-arrows-yes elementor-pagination-type-bullets elementor-pagination-position-outside elementor-widget elementor-widget-media-carousel\" data-id=\"2e96260\" data-element_type=\"widget\" data-e-type=\"widget\" data-settings=\"{&quot;effect&quot;:&quot;fade&quot;,&quot;skin&quot;:&quot;carousel&quot;,&quot;show_arrows&quot;:&quot;yes&quot;,&quot;pagination&quot;:&quot;bullets&quot;,&quot;speed&quot;:500,&quot;autoplay&quot;:&quot;yes&quot;,&quot;autoplay_speed&quot;:5000,&quot;loop&quot;:&quot;yes&quot;,&quot;pause_on_hover&quot;:&quot;yes&quot;,&quot;pause_on_interaction&quot;:&quot;yes&quot;,&quot;space_between&quot;:{&quot;unit&quot;:&quot;px&quot;,&quot;size&quot;:10,&quot;sizes&quot;:[]},&quot;space_between_tablet&quot;:{&quot;unit&quot;:&quot;px&quot;,&quot;size&quot;:10,&quot;sizes&quot;:[]},&quot;space_between_mobile&quot;:{&quot;unit&quot;:&quot;px&quot;,&quot;size&quot;:10,&quot;sizes&quot;:[]}}\" data-widget_type=\"media-carousel.default\">\n\t\t\t\t<div class=\"elementor-widget-container\">\n\t\t\t\t\t\t\t\t\t<div class=\"elementor-swiper\">\n\t\t\t\t\t<div class=\"elementor-main-swiper swiper\" role=\"region\" aria-roledescription=\"carousel\" aria-label=\"Diapositives\">\n\t\t\t\t<div class=\"swiper-wrapper\">\n\t\t\t\t\t\t\t\t\t\t\t<div class=\"swiper-slide\" role=\"group\" aria-roledescription=\"slide\">\n\t\t\t\t\t\t\t\t\t<div class=\"elementor-carousel-image\" role=\"img\" aria-label=\"pexels-djordje-petrovic-2102415\" style=\"background-image: url(&#039;https:\/\/digital.neptween.com\/wp-content\/uploads\/2023\/04\/pexels-djordje-petrovic-2102415-1.jpg&#039;)\">\n\n\t\t\t\n\t\t\t\t\t<\/div>\n\t\t\t\t\t\t\t\t<\/div>\n\t\t\t\t\t\t\t\t\t\t\t<div class=\"swiper-slide\" role=\"group\" aria-roledescription=\"slide\">\n\t\t\t\t\t\t\t\t\t<div class=\"elementor-carousel-image\" role=\"img\" aria-label=\"IMG-2024-09-002\" style=\"background-image: url(&#039;https:\/\/digital.neptween.com\/wp-content\/uploads\/2024\/09\/IMG-2024-09-002.jpg&#039;)\">\n\n\t\t\t\n\t\t\t\t\t<\/div>\n\t\t\t\t\t\t\t\t<\/div>\n\t\t\t\t\t\t\t\t\t<\/div>\n\t\t\t\t\t\t\t\t\t\t\t\t\t\t\t<div class=\"elementor-swiper-button elementor-swiper-button-prev\" role=\"button\" tabindex=\"0\" aria-label=\"Pr\u00e9c\u00e9dent\">\n\t\t\t\t\t\t\t<i aria-hidden=\"true\" class=\"eicon-chevron-left\"><\/i>\t\t\t\t\t\t<\/div>\n\t\t\t\t\t\t<div class=\"elementor-swiper-button elementor-swiper-button-next\" role=\"button\" tabindex=\"0\" aria-label=\"Suivant\">\n\t\t\t\t\t\t\t<i aria-hidden=\"true\" class=\"eicon-chevron-right\"><\/i>\t\t\t\t\t\t<\/div>\n\t\t\t\t\t\t\t\t\t\t\t\t\t\t\t\t<div class=\"swiper-pagination\"><\/div>\n\t\t\t\t\t\t\t\t\t\t\t\t<\/div>\n\t\t\t\t<\/div>\n\t\t\t\t\t\t\t\t<\/div>\n\t\t\t\t<\/div>\n\t\t\t\t<\/div>\n\t\t<div class=\"elementor-element elementor-element-86ad759 e-con-full e-flex e-con e-child\" data-id=\"86ad759\" data-element_type=\"container\" data-e-type=\"container\">\n\t\t<div class=\"elementor-element elementor-element-0b3d8ba e-grid e-con-full e-con e-child\" data-id=\"0b3d8ba\" data-element_type=\"container\" data-e-type=\"container\">\n\t\t\t\t<div class=\"elementor-element elementor-element-4f0ca74 elementor-widget elementor-widget-image\" data-id=\"4f0ca74\" data-element_type=\"widget\" data-e-type=\"widget\" data-widget_type=\"image.default\">\n\t\t\t\t<div class=\"elementor-widget-container\">\n\t\t\t\t\t\t\t\t\t\t\t\t\t\t\t\t<a href=\"https:\/\/digital.neptween.com\/\">\n\t\t\t\t\t\t\t<img decoding=\"async\" width=\"150\" height=\"150\" src=\"https:\/\/digital.neptween.com\/wp-content\/uploads\/2024\/01\/ND_LOGO_V2-150x150.png\" class=\"attachment-thumbnail size-thumbnail wp-image-988193\" alt=\"\" \/>\t\t\t\t\t\t\t\t<\/a>\n\t\t\t\t\t\t\t\t\t\t\t\t\t\t\t<\/div>\n\t\t\t\t<\/div>\n\t\t\t\t<div class=\"elementor-element elementor-element-ab333ce elementor-widget__width-auto elementor-widget elementor-widget-heading\" data-id=\"ab333ce\" data-element_type=\"widget\" data-e-type=\"widget\" data-widget_type=\"heading.default\">\n\t\t\t\t<div class=\"elementor-widget-container\">\n\t\t\t\t\t<h2 class=\"elementor-heading-title elementor-size-default\">Portail client\n<br>\n<p style=\"font-size:16px;color:gray;text-align:center\">Veuillez choisir le pays concern\u00e9<\/p><\/h2>\t\t\t\t<\/div>\n\t\t\t\t<\/div>\n\t\t\t\t<div class=\"elementor-element elementor-element-8b758a9 elementor-align-start elementor-icon-list--layout-traditional elementor-list-item-link-full_width elementor-widget elementor-widget-icon-list\" data-id=\"8b758a9\" data-element_type=\"widget\" data-e-type=\"widget\" data-widget_type=\"icon-list.default\">\n\t\t\t\t<div class=\"elementor-widget-container\">\n\t\t\t\t\t\t\t<ul class=\"elementor-icon-list-items\">\n\t\t\t\t\t\t\t<li class=\"elementor-icon-list-item\">\n\t\t\t\t\t\t\t\t\t\t\t<a href=\"https:\/\/portail.neptween.com\/wmbt-0002\/ps\/authentication\/login\">\n\n\t\t\t\t\t\t\t\t\t\t\t\t<span class=\"elementor-icon-list-icon\">\n\t\t\t\t\t\t\t<i aria-hidden=\"true\" class=\"fas fa-chevron-right\"><\/i>\t\t\t\t\t\t<\/span>\n\t\t\t\t\t\t\t\t\t\t<span class=\"elementor-icon-list-text\">France (FRA)<\/span>\n\t\t\t\t\t\t\t\t\t\t\t<\/a>\n\t\t\t\t\t\t\t\t\t<\/li>\n\t\t\t\t\t\t\t\t<li class=\"elementor-icon-list-item\">\n\t\t\t\t\t\t\t\t\t\t\t<a href=\"https:\/\/portail.neptween.com\/ovnz-0001\/ps\/\">\n\n\t\t\t\t\t\t\t\t\t\t\t\t<span class=\"elementor-icon-list-icon\">\n\t\t\t\t\t\t\t<i aria-hidden=\"true\" class=\"fas fa-chevron-right\"><\/i>\t\t\t\t\t\t<\/span>\n\t\t\t\t\t\t\t\t\t\t<span class=\"elementor-icon-list-text\">Congo (COG)<\/span>\n\t\t\t\t\t\t\t\t\t\t\t<\/a>\n\t\t\t\t\t\t\t\t\t<\/li>\n\t\t\t\t\t\t\t\t<li class=\"elementor-icon-list-item\">\n\t\t\t\t\t\t\t\t\t\t\t<a href=\"https:\/\/portail.neptween.com\/czto-0006\/ps\/authentication\/login\">\n\n\t\t\t\t\t\t\t\t\t\t\t\t<span class=\"elementor-icon-list-icon\">\n\t\t\t\t\t\t\t<i aria-hidden=\"true\" class=\"fas fa-chevron-right\"><\/i>\t\t\t\t\t\t<\/span>\n\t\t\t\t\t\t\t\t\t\t<span class=\"elementor-icon-list-text\">C\u00f4te d'Ivoire (CIV)<\/span>\n\t\t\t\t\t\t\t\t\t\t\t<\/a>\n\t\t\t\t\t\t\t\t\t<\/li>\n\t\t\t\t\t\t<\/ul>\n\t\t\t\t\t\t<\/div>\n\t\t\t\t<\/div>\n\t\t\t\t<div class=\"elementor-element elementor-element-1e390ae elementor-widget elementor-widget-text-editor\" data-id=\"1e390ae\" data-element_type=\"widget\" data-e-type=\"widget\" data-widget_type=\"text-editor.default\">\n\t\t\t\t<div class=\"elementor-widget-container\">\n\t\t\t\t\t\t\t\t\t<p><a href=\"https:\/\/digital.neptween.com\/?page_id=83\">Nous contacter?<\/a><\/p><p><a href=\"https:\/\/digital.neptween.com\/?page_id=1646\">Mentions L\u00e9gales<\/a><\/p><p><a href=\"https:\/\/digital.neptween.com\/?page_id=1648\">Protection des donn\u00e9es et cookies<\/a><\/p><p><a href=\"https:\/\/digital.neptween.com\/\">\u00a9 2025 Neptween-Digital<\/a><\/p>\t\t\t\t\t\t\t\t<\/div>\n\t\t\t\t<\/div>\n\t\t\t\t<\/div>\n\t\t\t\t<\/div>\n\t\t\t\t\t<\/div>\n\t\t\t\t<\/div>\n\t\t\t\t<\/div>\n\t\t","protected":false},"excerpt":{"rendered":"<p>Portail client Veuillez choisir le pays concern\u00e9 France (FRA) Congo (COG) C\u00f4te d&rsquo;Ivoire (CIV) Nous contacter? Mentions L\u00e9gales Protection des donn\u00e9es et cookies \u00a9 2025 Neptween-Digital<\/p>\n","protected":false},"author":1,"featured_media":0,"parent":0,"menu_order":0,"comment_status":"closed","ping_status":"closed","template":"elementor_canvas","meta":{"footnotes":""},"class_list":["post-989835","page","type-page","status-publish","hentry"],"yoast_head":"<!-- This site is optimized with the Yoast SEO plugin v27.2 - https:\/\/yoast.com\/product\/yoast-seo-wordpress\/ -->\n<title>Portail - NEPTWEEN DIGITAL<\/title>\n<meta name=\"robots\" content=\"noindex, follow, max-snippet:-1, max-image-preview:large, max-video-preview:-1\" \/>\n<meta property=\"og:locale\" content=\"fr_FR\" \/>\n<meta property=\"og:type\" content=\"article\" \/>\n<meta property=\"og:title\" content=\"Portail - NEPTWEEN DIGITAL\" \/>\n<meta property=\"og:description\" content=\"Portail client Veuillez choisir le pays concern\u00e9 France (FRA) Congo (COG) C\u00f4te d&rsquo;Ivoire (CIV) Nous contacter? Mentions L\u00e9gales Protection des donn\u00e9es et cookies \u00a9 2025 Neptween-Digital\" \/>\n<meta property=\"og:url\" content=\"https:\/\/digital.neptween.com\/?page_id=989835\" \/>\n<meta property=\"og:site_name\" content=\"NEPTWEEN DIGITAL\" \/>\n<meta property=\"article:modified_time\" content=\"2025-03-08T11:44:42+00:00\" \/>\n<meta property=\"og:image\" content=\"https:\/\/digital.neptween.com\/wp-content\/uploads\/2024\/01\/ND_LOGO_V2.png\" \/>\n\t<meta property=\"og:image:width\" content=\"400\" \/>\n\t<meta property=\"og:image:height\" content=\"356\" \/>\n\t<meta property=\"og:image:type\" content=\"image\/png\" \/>\n<meta name=\"twitter:card\" content=\"summary_large_image\" \/>\n<meta name=\"twitter:label1\" content=\"Dur\u00e9e de lecture estim\u00e9e\" \/>\n\t<meta name=\"twitter:data1\" content=\"1 minute\" \/>\n<script type=\"application\/ld+json\" class=\"yoast-schema-graph\">{\"@context\":\"https:\/\/schema.org\",\"@graph\":[{\"@type\":\"WebPage\",\"@id\":\"https:\/\/digital.neptween.com\/?page_id=989835\",\"url\":\"https:\/\/digital.neptween.com\/?page_id=989835\",\"name\":\"Portail - NEPTWEEN DIGITAL\",\"isPartOf\":{\"@id\":\"https:\/\/digital.neptween.com\/#website\"},\"primaryImageOfPage\":{\"@id\":\"https:\/\/digital.neptween.com\/?page_id=989835#primaryimage\"},\"image\":{\"@id\":\"https:\/\/digital.neptween.com\/?page_id=989835#primaryimage\"},\"thumbnailUrl\":\"https:\/\/digital.neptween.com\/wp-content\/uploads\/2024\/01\/ND_LOGO_V2-150x150.png\",\"datePublished\":\"2024-12-07T12:12:33+00:00\",\"dateModified\":\"2025-03-08T11:44:42+00:00\",\"breadcrumb\":{\"@id\":\"https:\/\/digital.neptween.com\/?page_id=989835#breadcrumb\"},\"inLanguage\":\"fr-FR\",\"potentialAction\":[{\"@type\":\"ReadAction\",\"target\":[\"https:\/\/digital.neptween.com\/?page_id=989835\"]}]},{\"@type\":\"ImageObject\",\"inLanguage\":\"fr-FR\",\"@id\":\"https:\/\/digital.neptween.com\/?page_id=989835#primaryimage\",\"url\":\"https:\/\/digital.neptween.com\/wp-content\/uploads\/2024\/01\/ND_LOGO_V2.png\",\"contentUrl\":\"https:\/\/digital.neptween.com\/wp-content\/uploads\/2024\/01\/ND_LOGO_V2.png\",\"width\":400,\"height\":356},{\"@type\":\"BreadcrumbList\",\"@id\":\"https:\/\/digital.neptween.com\/?page_id=989835#breadcrumb\",\"itemListElement\":[{\"@type\":\"ListItem\",\"position\":1,\"name\":\"Home\",\"item\":\"https:\/\/digital.neptween.com\/\"},{\"@type\":\"ListItem\",\"position\":2,\"name\":\"Portail\"}]},{\"@type\":\"WebSite\",\"@id\":\"https:\/\/digital.neptween.com\/#website\",\"url\":\"https:\/\/digital.neptween.com\/\",\"name\":\"NEPTWEEN DIGITAL\",\"description\":\"\",\"publisher\":{\"@id\":\"https:\/\/digital.neptween.com\/#organization\"},\"potentialAction\":[{\"@type\":\"SearchAction\",\"target\":{\"@type\":\"EntryPoint\",\"urlTemplate\":\"https:\/\/digital.neptween.com\/?s={search_term_string}\"},\"query-input\":{\"@type\":\"PropertyValueSpecification\",\"valueRequired\":true,\"valueName\":\"search_term_string\"}}],\"inLanguage\":\"fr-FR\"},{\"@type\":\"Organization\",\"@id\":\"https:\/\/digital.neptween.com\/#organization\",\"name\":\"NEPTWEEN DIGITAL\",\"url\":\"https:\/\/digital.neptween.com\/\",\"logo\":{\"@type\":\"ImageObject\",\"inLanguage\":\"fr-FR\",\"@id\":\"https:\/\/digital.neptween.com\/#\/schema\/logo\/image\/\",\"url\":\"https:\/\/digital.neptween.com\/wp-content\/uploads\/2023\/11\/ND_LOGO_V2.png\",\"contentUrl\":\"https:\/\/digital.neptween.com\/wp-content\/uploads\/2023\/11\/ND_LOGO_V2.png\",\"width\":832,\"height\":239,\"caption\":\"NEPTWEEN DIGITAL\"},\"image\":{\"@id\":\"https:\/\/digital.neptween.com\/#\/schema\/logo\/image\/\"}}]}<\/script>\n<!-- \/ Yoast SEO plugin. -->","yoast_head_json":{"title":"Portail - NEPTWEEN DIGITAL","robots":{"index":"noindex","follow":"follow","max-snippet":"max-snippet:-1","max-image-preview":"max-image-preview:large","max-video-preview":"max-video-preview:-1"},"og_locale":"fr_FR","og_type":"article","og_title":"Portail - NEPTWEEN DIGITAL","og_description":"Portail client Veuillez choisir le pays concern\u00e9 France (FRA) Congo (COG) C\u00f4te d&rsquo;Ivoire (CIV) Nous contacter? Mentions L\u00e9gales Protection des donn\u00e9es et cookies \u00a9 2025 Neptween-Digital","og_url":"https:\/\/digital.neptween.com\/?page_id=989835","og_site_name":"NEPTWEEN DIGITAL","article_modified_time":"2025-03-08T11:44:42+00:00","og_image":[{"width":400,"height":356,"url":"https:\/\/digital.neptween.com\/wp-content\/uploads\/2024\/01\/ND_LOGO_V2.png","type":"image\/png"}],"twitter_card":"summary_large_image","twitter_misc":{"Dur\u00e9e de lecture estim\u00e9e":"1 minute"},"schema":{"@context":"https:\/\/schema.org","@graph":[{"@type":"WebPage","@id":"https:\/\/digital.neptween.com\/?page_id=989835","url":"https:\/\/digital.neptween.com\/?page_id=989835","name":"Portail - NEPTWEEN DIGITAL","isPartOf":{"@id":"https:\/\/digital.neptween.com\/#website"},"primaryImageOfPage":{"@id":"https:\/\/digital.neptween.com\/?page_id=989835#primaryimage"},"image":{"@id":"https:\/\/digital.neptween.com\/?page_id=989835#primaryimage"},"thumbnailUrl":"https:\/\/digital.neptween.com\/wp-content\/uploads\/2024\/01\/ND_LOGO_V2-150x150.png","datePublished":"2024-12-07T12:12:33+00:00","dateModified":"2025-03-08T11:44:42+00:00","breadcrumb":{"@id":"https:\/\/digital.neptween.com\/?page_id=989835#breadcrumb"},"inLanguage":"fr-FR","potentialAction":[{"@type":"ReadAction","target":["https:\/\/digital.neptween.com\/?page_id=989835"]}]},{"@type":"ImageObject","inLanguage":"fr-FR","@id":"https:\/\/digital.neptween.com\/?page_id=989835#primaryimage","url":"https:\/\/digital.neptween.com\/wp-content\/uploads\/2024\/01\/ND_LOGO_V2.png","contentUrl":"https:\/\/digital.neptween.com\/wp-content\/uploads\/2024\/01\/ND_LOGO_V2.png","width":400,"height":356},{"@type":"BreadcrumbList","@id":"https:\/\/digital.neptween.com\/?page_id=989835#breadcrumb","itemListElement":[{"@type":"ListItem","position":1,"name":"Home","item":"https:\/\/digital.neptween.com\/"},{"@type":"ListItem","position":2,"name":"Portail"}]},{"@type":"WebSite","@id":"https:\/\/digital.neptween.com\/#website","url":"https:\/\/digital.neptween.com\/","name":"NEPTWEEN DIGITAL","description":"","publisher":{"@id":"https:\/\/digital.neptween.com\/#organization"},"potentialAction":[{"@type":"SearchAction","target":{"@type":"EntryPoint","urlTemplate":"https:\/\/digital.neptween.com\/?s={search_term_string}"},"query-input":{"@type":"PropertyValueSpecification","valueRequired":true,"valueName":"search_term_string"}}],"inLanguage":"fr-FR"},{"@type":"Organization","@id":"https:\/\/digital.neptween.com\/#organization","name":"NEPTWEEN DIGITAL","url":"https:\/\/digital.neptween.com\/","logo":{"@type":"ImageObject","inLanguage":"fr-FR","@id":"https:\/\/digital.neptween.com\/#\/schema\/logo\/image\/","url":"https:\/\/digital.neptween.com\/wp-content\/uploads\/2023\/11\/ND_LOGO_V2.png","contentUrl":"https:\/\/digital.neptween.com\/wp-content\/uploads\/2023\/11\/ND_LOGO_V2.png","width":832,"height":239,"caption":"NEPTWEEN DIGITAL"},"image":{"@id":"https:\/\/digital.neptween.com\/#\/schema\/logo\/image\/"}}]}},"_links":{"self":[{"href":"https:\/\/digital.neptween.com\/index.php?rest_route=\/wp\/v2\/pages\/989835","targetHints":{"allow":["GET"]}}],"collection":[{"href":"https:\/\/digital.neptween.com\/index.php?rest_route=\/wp\/v2\/pages"}],"about":[{"href":"https:\/\/digital.neptween.com\/index.php?rest_route=\/wp\/v2\/types\/page"}],"author":[{"embeddable":true,"href":"https:\/\/digital.neptween.com\/index.php?rest_route=\/wp\/v2\/users\/1"}],"replies":[{"embeddable":true,"href":"https:\/\/digital.neptween.com\/index.php?rest_route=%2Fwp%2Fv2%2Fcomments&post=989835"}],"version-history":[{"count":180,"href":"https:\/\/digital.neptween.com\/index.php?rest_route=\/wp\/v2\/pages\/989835\/revisions"}],"predecessor-version":[{"id":990252,"href":"https:\/\/digital.neptween.com\/index.php?rest_route=\/wp\/v2\/pages\/989835\/revisions\/990252"}],"wp:attachment":[{"href":"https:\/\/digital.neptween.com\/index.php?rest_route=%2Fwp%2Fv2%2Fmedia&parent=989835"}],"curies":[{"name":"wp","href":"https:\/\/api.w.org\/{rel}","templated":true}]}}